{"id":26,"date":"2025-08-20T10:34:19","date_gmt":"2025-08-20T10:34:19","guid":{"rendered":"http:\/\/www.laboflorent.fr\/?page_id=26"},"modified":"2025-09-23T12:52:35","modified_gmt":"2025-09-23T12:52:35","slug":"mentions-legales-labo-florent","status":"publish","type":"page","link":"https:\/\/www.laboflorent.fr\/index.php\/labo-florent-ceramique-dentaire-anglet\/mentions-legales-labo-florent\/","title":{"rendered":"Mentions L\u00e9gales"},"content":{"rendered":"\t\t<div data-elementor-type=\"wp-page\" data-elementor-id=\"26\" class=\"elementor elementor-26\">\n\t\t\t\t<div class=\"elementor-element elementor-element-4131c78 e-flex e-con-boxed e-con e-parent\" data-id=\"4131c78\" data-element_type=\"container\">\n\t\t\t\t\t<div class=\"e-con-inner\">\n\t\t\t\t<div class=\"elementor-element elementor-element-1990bc2 elementor-widget__width-initial elementor-hidden-desktop elementor-hidden-tablet elementor-widget elementor-widget-image\" data-id=\"1990bc2\" data-element_type=\"widget\" data-widget_type=\"image.default\">\n\t\t\t\t\t\t\t\t\t\t\t\t\t\t\t\t<a href=\"https:\/\/www.laboflorent.fr\/\">\n\t\t\t\t\t\t\t<img fetchpriority=\"high\" decoding=\"async\" width=\"1550\" height=\"1603\" src=\"https:\/\/www.laboflorent.fr\/wp-content\/uploads\/2025\/08\/FLORENT-LABO-LOGO_Plan-de-travail-1-10.png\" class=\"attachment-full size-full wp-image-152\" alt=\"LOGO Laboratoire Florent c\u00e9ramique dentaire Dent\" srcset=\"https:\/\/www.laboflorent.fr\/wp-content\/uploads\/2025\/08\/FLORENT-LABO-LOGO_Plan-de-travail-1-10.png 1550w, https:\/\/www.laboflorent.fr\/wp-content\/uploads\/2025\/08\/FLORENT-LABO-LOGO_Plan-de-travail-1-10-290x300.png 290w, https:\/\/www.laboflorent.fr\/wp-content\/uploads\/2025\/08\/FLORENT-LABO-LOGO_Plan-de-travail-1-10-990x1024.png 990w, https:\/\/www.laboflorent.fr\/wp-content\/uploads\/2025\/08\/FLORENT-LABO-LOGO_Plan-de-travail-1-10-768x794.png 768w, https:\/\/www.laboflorent.fr\/wp-content\/uploads\/2025\/08\/FLORENT-LABO-LOGO_Plan-de-travail-1-10-1485x1536.png 1485w\" sizes=\"(max-width: 1550px) 100vw, 1550px\" \/>\t\t\t\t\t\t\t\t<\/a>\n\t\t\t\t\t\t\t\t\t\t\t\t\t\t\t<\/div>\n\t\t\t\t\t<\/div>\n\t\t\t\t<\/div>\n\t\t<div class=\"elementor-element elementor-element-833d15c e-flex e-con-boxed e-con e-parent\" data-id=\"833d15c\" data-element_type=\"container\">\n\t\t\t\t\t<div class=\"e-con-inner\">\n\t\t\t\t<div class=\"elementor-element elementor-element-de2e3b9 elementor-widget elementor-widget-text-editor\" data-id=\"de2e3b9\" data-element_type=\"widget\" data-widget_type=\"text-editor.default\">\n\t\t\t\t\t\t\t\t\t<p>Mentions l\u00e9gales<\/p>\t\t\t\t\t\t\t\t<\/div>\n\t\t\t\t\t<\/div>\n\t\t\t\t<\/div>\n\t\t<div class=\"elementor-element elementor-element-394a213 e-flex e-con-boxed e-con e-parent\" data-id=\"394a213\" data-element_type=\"container\">\n\t\t\t\t\t<div class=\"e-con-inner\">\n\t\t\t\t<div class=\"elementor-element elementor-element-a8237e4 elementor-widget elementor-widget-text-editor\" data-id=\"a8237e4\" data-element_type=\"widget\" data-widget_type=\"text-editor.default\">\n\t\t\t\t\t\t\t\t\t<p style=\"margin: 0px; font-style: normal; font-variant-caps: normal; font-stretch: normal; font-size: 13px; line-height: normal; font-family: 'Helvetica Neue'; font-size-adjust: none; font-kerning: auto; font-variant-alternates: normal; font-variant-ligatures: normal; font-variant-numeric: normal; font-variant-east-asian: normal; font-variant-position: normal; font-variant-emoji: normal; font-feature-settings: normal; font-optical-sizing: auto; font-variation-settings: normal;\">Contenu du Site<\/p>\n<p style=\"margin: 0px; font-style: normal; font-variant-caps: normal; font-stretch: normal; font-size: 13px; line-height: normal; font-family: 'Helvetica Neue'; font-size-adjust: none; font-kerning: auto; font-variant-alternates: normal; font-variant-ligatures: normal; font-variant-numeric: normal; font-variant-east-asian: normal; font-variant-position: normal; font-variant-emoji: normal; font-feature-settings: normal; font-optical-sizing: auto; font-variation-settings: normal;\"><br><\/p>\n<p style=\"margin: 0px; font-style: normal; font-variant-caps: normal; font-stretch: normal; font-size: 13px; line-height: normal; font-family: 'Helvetica Neue'; font-size-adjust: none; font-kerning: auto; font-variant-alternates: normal; font-variant-ligatures: normal; font-variant-numeric: normal; font-variant-east-asian: normal; font-variant-position: normal; font-variant-emoji: normal; font-feature-settings: normal; font-optical-sizing: auto; font-variation-settings: normal;\">Le site mis en ligne et accessible \u00e0 l\u2019adresse www.laboflorent.fr est destin\u00e9 \u00e0 pr\u00e9senter le travail et les comp\u00e9tences de l\u2019entreprise Labo Florent, et \u00e0 permettre une mise en contact avec toute personne ou structure int\u00e9ress\u00e9e par les prestations qu\u2019elle propose.<\/p>\n<p style=\"margin: 0px; font-style: normal; font-variant-caps: normal; font-stretch: normal; font-size: 13px; line-height: normal; font-family: 'Helvetica Neue'; font-size-adjust: none; font-kerning: auto; font-variant-alternates: normal; font-variant-ligatures: normal; font-variant-numeric: normal; font-variant-east-asian: normal; font-variant-position: normal; font-variant-emoji: normal; font-feature-settings: normal; font-optical-sizing: auto; font-variation-settings: normal;\"><br><\/p>\n<p style=\"margin: 0px; font-style: normal; font-variant-caps: normal; font-stretch: normal; font-size: 13px; line-height: normal; font-family: 'Helvetica Neue'; font-size-adjust: none; font-kerning: auto; font-variant-alternates: normal; font-variant-ligatures: normal; font-variant-numeric: normal; font-variant-east-asian: normal; font-variant-position: normal; font-variant-emoji: normal; font-feature-settings: normal; font-optical-sizing: auto; font-variation-settings: normal;\">Toute navigation ou utilisation du pr\u00e9sent site, quel que soit le contenu explor\u00e9, implique l\u2019adh\u00e9sion aux pr\u00e9sentes conditions g\u00e9n\u00e9rales. <br>Les pr\u00e9sentes conditions g\u00e9n\u00e9rales pr\u00e9valent sur toutes autres CGV, et constituent le seul lien contractuel pour toute commande pass\u00e9e par Internet ou \u00e0 distance, quels qu\u2019en soient l\u2019objet et la dur\u00e9e.<\/p>\n<p style=\"margin: 0px; font-style: normal; font-variant-caps: normal; font-stretch: normal; font-size: 13px; line-height: normal; font-family: 'Helvetica Neue'; font-size-adjust: none; font-kerning: auto; font-variant-alternates: normal; font-variant-ligatures: normal; font-variant-numeric: normal; font-variant-east-asian: normal; font-variant-position: normal; font-variant-emoji: normal; font-feature-settings: normal; font-optical-sizing: auto; font-variation-settings: normal;\"><br><\/p>\n<p style=\"margin: 0px; font-style: normal; font-variant-caps: normal; font-stretch: normal; font-size: 13px; line-height: normal; font-family: 'Helvetica Neue'; font-size-adjust: none; font-kerning: auto; font-variant-alternates: normal; font-variant-ligatures: normal; font-variant-numeric: normal; font-variant-east-asian: normal; font-variant-position: normal; font-variant-emoji: normal; font-feature-settings: normal; font-optical-sizing: auto; font-variation-settings: normal;\">L\u2019Internaute est d\u2019ores et d\u00e9j\u00e0 averti que les commandes pourront feront l\u2019objet d\u2019un contrat plus d\u00e9taill\u00e9 r\u00e9glant les droits et obligations des parties et pr\u00e9servant les droits de propri\u00e9t\u00e9 intellectuelle du Photographe mais \u00e9galement les droits des tiers (droit \u00e0 l\u2019image du client, droit d\u2019auteur ou droit voisin des tiers, etc.). Les pr\u00e9sentes CGV ne s\u2019appliquent donc que dans la mesure o\u00f9 elles n\u2019entrent pas en contradiction avec une disposition contractuelle sp\u00e9cifique \u00e9tablie par le Photographe et relative \u00e0 une commande particuli\u00e8re.<\/p>\n<p style=\"margin: 0px; font-style: normal; font-variant-caps: normal; font-stretch: normal; font-size: 13px; line-height: normal; font-family: 'Helvetica Neue'; font-size-adjust: none; font-kerning: auto; font-variant-alternates: normal; font-variant-ligatures: normal; font-variant-numeric: normal; font-variant-east-asian: normal; font-variant-position: normal; font-variant-emoji: normal; font-feature-settings: normal; font-optical-sizing: auto; font-variation-settings: normal;\"><br><\/p>\n<p style=\"margin: 0px; font-style: normal; font-variant-caps: normal; font-stretch: normal; font-size: 13px; line-height: normal; font-family: 'Helvetica Neue'; font-size-adjust: none; font-kerning: auto; font-variant-alternates: normal; font-variant-ligatures: normal; font-variant-numeric: normal; font-variant-east-asian: normal; font-variant-position: normal; font-variant-emoji: normal; font-feature-settings: normal; font-optical-sizing: auto; font-variation-settings: normal;\">H\u00e9bergeur : OVH SAS est une filiale de la soci\u00e9t\u00e9 OVH Groupe SA, soci\u00e9t\u00e9 immatricul\u00e9e au RCS de Lille sous le num\u00e9ro 537 407 926 sise 2, rue Kellermann, 59100 Roubaix.<\/p>\n<p style=\"margin: 0px; font-style: normal; font-variant-caps: normal; font-stretch: normal; font-size: 13px; line-height: normal; font-family: 'Helvetica Neue'; font-size-adjust: none; font-kerning: auto; font-variant-alternates: normal; font-variant-ligatures: normal; font-variant-numeric: normal; font-variant-east-asian: normal; font-variant-position: normal; font-variant-emoji: normal; font-feature-settings: normal; font-optical-sizing: auto; font-variation-settings: normal;\">Webmaster :Sorbet Anthony<\/p>\n<p style=\"margin: 0px; font-style: normal; font-variant-caps: normal; font-stretch: normal; font-size: 13px; line-height: normal; font-family: 'Helvetica Neue'; font-size-adjust: none; font-kerning: auto; font-variant-alternates: normal; font-variant-ligatures: normal; font-variant-numeric: normal; font-variant-east-asian: normal; font-variant-position: normal; font-variant-emoji: normal; font-feature-settings: normal; font-optical-sizing: auto; font-variation-settings: normal;\"><br><\/p>\n<p style=\"margin: 0px; font-style: normal; font-variant-caps: normal; font-stretch: normal; font-size: 13px; line-height: normal; font-family: 'Helvetica Neue'; font-size-adjust: none; font-kerning: auto; font-variant-alternates: normal; font-variant-ligatures: normal; font-variant-numeric: normal; font-variant-east-asian: normal; font-variant-position: normal; font-variant-emoji: normal; font-feature-settings: normal; font-optical-sizing: auto; font-variation-settings: normal;\">Droit de Propri\u00e9t\u00e9 Intellectuelle<\/p>\n<p style=\"margin: 0px; font-style: normal; font-variant-caps: normal; font-stretch: normal; font-size: 13px; line-height: normal; font-family: 'Helvetica Neue'; font-size-adjust: none; font-kerning: auto; font-variant-alternates: normal; font-variant-ligatures: normal; font-variant-numeric: normal; font-variant-east-asian: normal; font-variant-position: normal; font-variant-emoji: normal; font-feature-settings: normal; font-optical-sizing: auto; font-variation-settings: normal;\"><br><\/p>\n<p style=\"margin: 0px; font-style: normal; font-variant-caps: normal; font-stretch: normal; font-size: 13px; line-height: normal; font-family: 'Helvetica Neue'; font-size-adjust: none; font-kerning: auto; font-variant-alternates: normal; font-variant-ligatures: normal; font-variant-numeric: normal; font-variant-east-asian: normal; font-variant-position: normal; font-variant-emoji: normal; font-feature-settings: normal; font-optical-sizing: auto; font-variation-settings: normal;\">Tous les contenus figurant sur le Site font l\u2019objet d\u2019une protection au titre du droit d\u2019auteur, soit au profit de l\u2019entrerprise elle-m\u00eame soit au profit d\u2019un tiers d\u00fbment mandat\u00e9 (notamment le Webmaster). Aucun contenu (texte ou visuel) ne peut faire l\u2019objet de t\u00e9l\u00e9chargement, de diffusion, reproduction ou exploitation sous quelque forme que ce soit sans un accord \u00e9crit et pr\u00e9alable du Photographe. Toute utilisation non autoris\u00e9e constituera une contrefa\u00e7on au sens des articles L122-4 et L335-2 du Code de la propri\u00e9t\u00e9 intellectuelle, et pourra donner lieu \u00e0 des poursuites judiciaires.<\/p>\n<p style=\"margin: 0px; font-style: normal; font-variant-caps: normal; font-stretch: normal; font-size: 13px; line-height: normal; font-family: 'Helvetica Neue'; font-size-adjust: none; font-kerning: auto; font-variant-alternates: normal; font-variant-ligatures: normal; font-variant-numeric: normal; font-variant-east-asian: normal; font-variant-position: normal; font-variant-emoji: normal; font-feature-settings: normal; font-optical-sizing: auto; font-variation-settings: normal;\"><br><\/p>\n<p style=\"margin: 0px; font-style: normal; font-variant-caps: normal; font-stretch: normal; font-size: 13px; line-height: normal; font-family: 'Helvetica Neue'; font-size-adjust: none; font-kerning: auto; font-variant-alternates: normal; font-variant-ligatures: normal; font-variant-numeric: normal; font-variant-east-asian: normal; font-variant-position: normal; font-variant-emoji: normal; font-feature-settings: normal; font-optical-sizing: auto; font-variation-settings: normal;\">\u00a9 Photo site web SORBET ANTHONY<\/p>\n<p style=\"margin: 0px; font-style: normal; font-variant-caps: normal; font-stretch: normal; font-size: 13px; line-height: normal; font-family: 'Helvetica Neue'; font-size-adjust: none; font-kerning: auto; font-variant-alternates: normal; font-variant-ligatures: normal; font-variant-numeric: normal; font-variant-east-asian: normal; font-variant-position: normal; font-variant-emoji: normal; font-feature-settings: normal; font-optical-sizing: auto; font-variation-settings: normal;\"><br><\/p>\n<p style=\"margin: 0px; font-style: normal; font-variant-caps: normal; font-stretch: normal; font-size: 13px; line-height: normal; font-family: 'Helvetica Neue'; font-size-adjust: none; font-kerning: auto; font-variant-alternates: normal; font-variant-ligatures: normal; font-variant-numeric: normal; font-variant-east-asian: normal; font-variant-position: normal; font-variant-emoji: normal; font-feature-settings: normal; font-optical-sizing: auto; font-variation-settings: normal;\"><br><\/p>\n<p><br><\/p>\t\t\t\t\t\t\t\t<\/div>\n\t\t\t\t\t<\/div>\n\t\t\t\t<\/div>\n\t\t\t\t<\/div>\n\t\t","protected":false},"excerpt":{"rendered":"<p>Mentions l\u00e9gales Contenu du Site Le site mis en ligne et accessible \u00e0 l\u2019adresse www.laboflorent.fr est destin\u00e9 \u00e0 pr\u00e9senter le travail et les comp\u00e9tences de l\u2019entreprise Labo Florent, et \u00e0 permettre une mise en contact avec toute personne ou structure int\u00e9ress\u00e9e par les prestations qu\u2019elle propose. Toute navigation ou utilisation du pr\u00e9sent site, quel que [&hellip;]<\/p>\n","protected":false},"author":1,"featured_media":0,"parent":17,"menu_order":0,"comment_status":"closed","ping_status":"closed","template":"","meta":{"footnotes":""},"class_list":["post-26","page","type-page","status-publish","hentry"],"yoast_head":"<!-- This site is optimized with the Yoast SEO plugin v25.7 - https:\/\/yoast.com\/wordpress\/plugins\/seo\/ -->\n<title>Mentions L\u00e9gales -<\/title>\n<meta name=\"description\" content=\"Le Laboratoire Florent, situ\u00e9 \u00e0 Anglet depuis 2011, est sp\u00e9cialis\u00e9 dans la fabrication de proth\u00e8ses dentaires.\" \/>\n<meta name=\"robots\" content=\"index, follow, max-snippet:-1, max-image-preview:large, max-video-preview:-1\" \/>\n<link rel=\"canonical\" href=\"https:\/\/www.laboflorent.fr\/index.php\/labo-florent-ceramique-dentaire-anglet\/mentions-legales-labo-florent\/\" \/>\n<meta property=\"og:locale\" content=\"fr_FR\" \/>\n<meta property=\"og:type\" content=\"article\" \/>\n<meta property=\"og:title\" content=\"Mentions L\u00e9gales -\" \/>\n<meta property=\"og:description\" content=\"Le Laboratoire Florent, situ\u00e9 \u00e0 Anglet depuis 2011, est sp\u00e9cialis\u00e9 dans la fabrication de proth\u00e8ses dentaires.\" \/>\n<meta property=\"og:url\" content=\"https:\/\/www.laboflorent.fr\/index.php\/labo-florent-ceramique-dentaire-anglet\/mentions-legales-labo-florent\/\" \/>\n<meta property=\"article:modified_time\" content=\"2025-09-23T12:52:35+00:00\" \/>\n<meta property=\"og:image\" content=\"http:\/\/www.laboflorent.fr\/wp-content\/uploads\/2025\/08\/FLORENT-LABO-LOGO_Plan-de-travail-1-10.png\" \/>\n<meta name=\"twitter:card\" content=\"summary_large_image\" \/>\n<meta name=\"twitter:label1\" content=\"Dur\u00e9e de lecture estim\u00e9e\" \/>\n\t<meta name=\"twitter:data1\" content=\"2 minutes\" \/>\n<script type=\"application\/ld+json\" class=\"yoast-schema-graph\">{\"@context\":\"https:\/\/schema.org\",\"@graph\":[{\"@type\":\"WebPage\",\"@id\":\"https:\/\/www.laboflorent.fr\/index.php\/labo-florent-ceramique-dentaire-anglet\/mentions-legales-labo-florent\/\",\"url\":\"https:\/\/www.laboflorent.fr\/index.php\/labo-florent-ceramique-dentaire-anglet\/mentions-legales-labo-florent\/\",\"name\":\"Mentions L\u00e9gales -\",\"isPartOf\":{\"@id\":\"https:\/\/www.laboflorent.fr\/#website\"},\"primaryImageOfPage\":{\"@id\":\"https:\/\/www.laboflorent.fr\/index.php\/labo-florent-ceramique-dentaire-anglet\/mentions-legales-labo-florent\/#primaryimage\"},\"image\":{\"@id\":\"https:\/\/www.laboflorent.fr\/index.php\/labo-florent-ceramique-dentaire-anglet\/mentions-legales-labo-florent\/#primaryimage\"},\"thumbnailUrl\":\"http:\/\/www.laboflorent.fr\/wp-content\/uploads\/2025\/08\/FLORENT-LABO-LOGO_Plan-de-travail-1-10.png\",\"datePublished\":\"2025-08-20T10:34:19+00:00\",\"dateModified\":\"2025-09-23T12:52:35+00:00\",\"description\":\"Le Laboratoire Florent, situ\u00e9 \u00e0 Anglet depuis 2011, est sp\u00e9cialis\u00e9 dans la fabrication de proth\u00e8ses dentaires.\",\"breadcrumb\":{\"@id\":\"https:\/\/www.laboflorent.fr\/index.php\/labo-florent-ceramique-dentaire-anglet\/mentions-legales-labo-florent\/#breadcrumb\"},\"inLanguage\":\"fr-FR\",\"potentialAction\":[{\"@type\":\"ReadAction\",\"target\":[\"https:\/\/www.laboflorent.fr\/index.php\/labo-florent-ceramique-dentaire-anglet\/mentions-legales-labo-florent\/\"]}]},{\"@type\":\"ImageObject\",\"inLanguage\":\"fr-FR\",\"@id\":\"https:\/\/www.laboflorent.fr\/index.php\/labo-florent-ceramique-dentaire-anglet\/mentions-legales-labo-florent\/#primaryimage\",\"url\":\"https:\/\/www.laboflorent.fr\/wp-content\/uploads\/2025\/08\/FLORENT-LABO-LOGO_Plan-de-travail-1-10.png\",\"contentUrl\":\"https:\/\/www.laboflorent.fr\/wp-content\/uploads\/2025\/08\/FLORENT-LABO-LOGO_Plan-de-travail-1-10.png\",\"width\":1550,\"height\":1603,\"caption\":\"LOGO Laboratoire Florent c\u00e9ramique dentaire Dent\"},{\"@type\":\"BreadcrumbList\",\"@id\":\"https:\/\/www.laboflorent.fr\/index.php\/labo-florent-ceramique-dentaire-anglet\/mentions-legales-labo-florent\/#breadcrumb\",\"itemListElement\":[{\"@type\":\"ListItem\",\"position\":1,\"name\":\"Home\",\"item\":\"https:\/\/www.laboflorent.fr\/\"},{\"@type\":\"ListItem\",\"position\":2,\"name\":\"Labo Florent C\u00e9ramique Dentaire\",\"item\":\"https:\/\/www.laboflorent.fr\/\"},{\"@type\":\"ListItem\",\"position\":3,\"name\":\"Mentions L\u00e9gales\"}]},{\"@type\":\"WebSite\",\"@id\":\"https:\/\/www.laboflorent.fr\/#website\",\"url\":\"https:\/\/www.laboflorent.fr\/\",\"name\":\"\",\"description\":\"Nous proposons une gamme compl\u00e8te de solutions pour r\u00e9pondre aux besoins des professionnels du secteur dentaire\",\"potentialAction\":[{\"@type\":\"SearchAction\",\"target\":{\"@type\":\"EntryPoint\",\"urlTemplate\":\"https:\/\/www.laboflorent.fr\/?s={search_term_string}\"},\"query-input\":{\"@type\":\"PropertyValueSpecification\",\"valueRequired\":true,\"valueName\":\"search_term_string\"}}],\"inLanguage\":\"fr-FR\"}]}<\/script>\n<!-- \/ Yoast SEO plugin. -->","yoast_head_json":{"title":"Mentions L\u00e9gales -","description":"Le Laboratoire Florent, situ\u00e9 \u00e0 Anglet depuis 2011, est sp\u00e9cialis\u00e9 dans la fabrication de proth\u00e8ses dentaires.","robots":{"index":"index","follow":"follow","max-snippet":"max-snippet:-1","max-image-preview":"max-image-preview:large","max-video-preview":"max-video-preview:-1"},"canonical":"https:\/\/www.laboflorent.fr\/index.php\/labo-florent-ceramique-dentaire-anglet\/mentions-legales-labo-florent\/","og_locale":"fr_FR","og_type":"article","og_title":"Mentions L\u00e9gales -","og_description":"Le Laboratoire Florent, situ\u00e9 \u00e0 Anglet depuis 2011, est sp\u00e9cialis\u00e9 dans la fabrication de proth\u00e8ses dentaires.","og_url":"https:\/\/www.laboflorent.fr\/index.php\/labo-florent-ceramique-dentaire-anglet\/mentions-legales-labo-florent\/","article_modified_time":"2025-09-23T12:52:35+00:00","og_image":[{"url":"http:\/\/www.laboflorent.fr\/wp-content\/uploads\/2025\/08\/FLORENT-LABO-LOGO_Plan-de-travail-1-10.png","type":"","width":"","height":""}],"twitter_card":"summary_large_image","twitter_misc":{"Dur\u00e9e de lecture estim\u00e9e":"2 minutes"},"schema":{"@context":"https:\/\/schema.org","@graph":[{"@type":"WebPage","@id":"https:\/\/www.laboflorent.fr\/index.php\/labo-florent-ceramique-dentaire-anglet\/mentions-legales-labo-florent\/","url":"https:\/\/www.laboflorent.fr\/index.php\/labo-florent-ceramique-dentaire-anglet\/mentions-legales-labo-florent\/","name":"Mentions L\u00e9gales -","isPartOf":{"@id":"https:\/\/www.laboflorent.fr\/#website"},"primaryImageOfPage":{"@id":"https:\/\/www.laboflorent.fr\/index.php\/labo-florent-ceramique-dentaire-anglet\/mentions-legales-labo-florent\/#primaryimage"},"image":{"@id":"https:\/\/www.laboflorent.fr\/index.php\/labo-florent-ceramique-dentaire-anglet\/mentions-legales-labo-florent\/#primaryimage"},"thumbnailUrl":"http:\/\/www.laboflorent.fr\/wp-content\/uploads\/2025\/08\/FLORENT-LABO-LOGO_Plan-de-travail-1-10.png","datePublished":"2025-08-20T10:34:19+00:00","dateModified":"2025-09-23T12:52:35+00:00","description":"Le Laboratoire Florent, situ\u00e9 \u00e0 Anglet depuis 2011, est sp\u00e9cialis\u00e9 dans la fabrication de proth\u00e8ses dentaires.","breadcrumb":{"@id":"https:\/\/www.laboflorent.fr\/index.php\/labo-florent-ceramique-dentaire-anglet\/mentions-legales-labo-florent\/#breadcrumb"},"inLanguage":"fr-FR","potentialAction":[{"@type":"ReadAction","target":["https:\/\/www.laboflorent.fr\/index.php\/labo-florent-ceramique-dentaire-anglet\/mentions-legales-labo-florent\/"]}]},{"@type":"ImageObject","inLanguage":"fr-FR","@id":"https:\/\/www.laboflorent.fr\/index.php\/labo-florent-ceramique-dentaire-anglet\/mentions-legales-labo-florent\/#primaryimage","url":"https:\/\/www.laboflorent.fr\/wp-content\/uploads\/2025\/08\/FLORENT-LABO-LOGO_Plan-de-travail-1-10.png","contentUrl":"https:\/\/www.laboflorent.fr\/wp-content\/uploads\/2025\/08\/FLORENT-LABO-LOGO_Plan-de-travail-1-10.png","width":1550,"height":1603,"caption":"LOGO Laboratoire Florent c\u00e9ramique dentaire Dent"},{"@type":"BreadcrumbList","@id":"https:\/\/www.laboflorent.fr\/index.php\/labo-florent-ceramique-dentaire-anglet\/mentions-legales-labo-florent\/#breadcrumb","itemListElement":[{"@type":"ListItem","position":1,"name":"Home","item":"https:\/\/www.laboflorent.fr\/"},{"@type":"ListItem","position":2,"name":"Labo Florent C\u00e9ramique Dentaire","item":"https:\/\/www.laboflorent.fr\/"},{"@type":"ListItem","position":3,"name":"Mentions L\u00e9gales"}]},{"@type":"WebSite","@id":"https:\/\/www.laboflorent.fr\/#website","url":"https:\/\/www.laboflorent.fr\/","name":"","description":"Nous proposons une gamme compl\u00e8te de solutions pour r\u00e9pondre aux besoins des professionnels du secteur dentaire","potentialAction":[{"@type":"SearchAction","target":{"@type":"EntryPoint","urlTemplate":"https:\/\/www.laboflorent.fr\/?s={search_term_string}"},"query-input":{"@type":"PropertyValueSpecification","valueRequired":true,"valueName":"search_term_string"}}],"inLanguage":"fr-FR"}]}},"_links":{"self":[{"href":"https:\/\/www.laboflorent.fr\/index.php\/wp-json\/wp\/v2\/pages\/26","targetHints":{"allow":["GET"]}}],"collection":[{"href":"https:\/\/www.laboflorent.fr\/index.php\/wp-json\/wp\/v2\/pages"}],"about":[{"href":"https:\/\/www.laboflorent.fr\/index.php\/wp-json\/wp\/v2\/types\/page"}],"author":[{"embeddable":true,"href":"https:\/\/www.laboflorent.fr\/index.php\/wp-json\/wp\/v2\/users\/1"}],"replies":[{"embeddable":true,"href":"https:\/\/www.laboflorent.fr\/index.php\/wp-json\/wp\/v2\/comments?post=26"}],"version-history":[{"count":22,"href":"https:\/\/www.laboflorent.fr\/index.php\/wp-json\/wp\/v2\/pages\/26\/revisions"}],"predecessor-version":[{"id":280,"href":"https:\/\/www.laboflorent.fr\/index.php\/wp-json\/wp\/v2\/pages\/26\/revisions\/280"}],"up":[{"embeddable":true,"href":"https:\/\/www.laboflorent.fr\/index.php\/wp-json\/wp\/v2\/pages\/17"}],"wp:attachment":[{"href":"https:\/\/www.laboflorent.fr\/index.php\/wp-json\/wp\/v2\/media?parent=26"}],"curies":[{"name":"wp","href":"https:\/\/api.w.org\/{rel}","templated":true}]}}